{"id":1183,"date":"2018-06-06T11:13:58","date_gmt":"2018-06-06T11:13:58","guid":{"rendered":"https:\/\/foton.qodeinteractive.com\/?page_id=1183"},"modified":"2022-03-18T16:31:00","modified_gmt":"2022-03-18T15:31:00","slug":"contactez-nous","status":"publish","type":"page","link":"https:\/\/www.carimmat.com\/sp\/contactez-nous\/","title":{"rendered":"Contacto con nosotros"},"content":{"rendered":"<div data-parallax-bg-image=\"https:\/\/www.carimmat.com\/wp-content\/uploads\/2018\/06\/p8-title-img1.png\" data-parallax-bg-speed=\"1\" class=\"vc_row wpb_row vc_row-fluid vc_row-o-content-top vc_row-flex mkdf-parallax-row-holder mkdf-content-aligment-right\" style=\"background-color:#ebf0ff;background-image: url(https:\/\/www.carimmat.com\/wp-content\/uploads\/2018\/06\/p8-title-img1.png)\" ><div class=\"wpb_column vc_column_container vc_col-sm-12\"><div class=\"vc_column-inner\"><div class=\"wpb_wrapper\"><div class=\"mkdf-elements-holder   mkdf-one-column  mkdf-responsive-mode-768 mkdf-one-column-alignment-right\" ><div class=\"mkdf-eh-item   mkdf-horizontal-alignment-right\"  data-item-class=\"mkdf-eh-custom-9631\" data-1367-1600=\"125px 80px 47px 687px\" data-1025-1366=\"85px 134px 17px 709px\" data-769-1024=\"80px 15px 30px 524px\" data-681-768=\"60px 114px 278px\" data-680=\"30px 40px 260px\">\n\t<div class=\"mkdf-eh-item-inner\">\n\t\t<div class=\"mkdf-eh-item-content mkdf-eh-custom-9631\" style=\"padding: 101px 50px 0px 833px\">\n\t\t\t<div class=\"mkdf-animation-holder mkdf-element-from-right\" data-animation=\"mkdf-element-from-right\" data-animation-delay=\"\"><div class=\"mkdf-animation-inner\"><div class=\"mkdf-single-image-holder\">\n    <div class=\"mkdf-si-inner\" >\n                                    <img decoding=\"async\" width=\"731\" height=\"685\" src=\"https:\/\/www.carimmat.com\/wp-content\/uploads\/2018\/06\/p8-title-img2-2.png\" class=\"attachment-full size-full\" alt=\"u\" srcset=\"https:\/\/www.carimmat.com\/wp-content\/uploads\/2018\/06\/p8-title-img2-2.png 731w, https:\/\/www.carimmat.com\/wp-content\/uploads\/2018\/06\/p8-title-img2-2-600x562.png 600w, https:\/\/www.carimmat.com\/wp-content\/uploads\/2018\/06\/p8-title-img2-2-300x281.png 300w\" sizes=\"(max-width: 731px) 100vw, 731px\" \/>                        <\/div>\n<\/div><\/div><\/div>\t\t<\/div>\n\t<\/div>\n<\/div><\/div><\/div><\/div><\/div><\/div><div class=\"mkdf-row-grid-section-wrapper\"  ><div class=\"mkdf-row-grid-section\"><div class=\"vc_row wpb_row vc_row-fluid vc_row-o-content-top vc_row-flex\"  ><div class=\"wpb_column vc_column_container vc_col-sm-12\"><div class=\"vc_column-inner vc_custom_1528987920710\"><div class=\"wpb_wrapper\"><div class=\"mkdf-elements-holder   mkdf-one-column  mkdf-responsive-mode-768 mkdf-one-column-alignment-center\" ><div class=\"mkdf-eh-item\"  data-item-class=\"mkdf-eh-custom-4149\" data-1367-1600=\"80px 56% 106px 80px\" data-1025-1366=\"162px 56% 130px 0px\" data-769-1024=\"134px 42% 109px 0\" data-681-768=\"270px 8% 0px\" data-680=\"270px 0px 0px 22px\">\n\t<div class=\"mkdf-eh-item-inner\">\n\t\t<div class=\"mkdf-eh-item-content mkdf-eh-custom-4149\" style=\"padding: 0 63% 0 0\">\n\t\t\t<div class=\"mkdf-section-title-holder  mkdf-st-standard mkdf-st-title-left mkdf-st-normal-space\" >\n\t<div class=\"mkdf-st-inner\">\n\t\t\t\t\t<h2 class=\"mkdf-st-title\" >\n\t\t\t\tSomos el<br \/> para escucharte\t\t\t<\/h2>\n\t\t\t\t\t\t\t<p class=\"mkdf-st-text\" style=\"font-size: 20px;line-height: 33px\">\n\t\t\t\t\u00bfTiene alguna pregunta? \u00bfUna petici\u00f3n particular? No dude en ponerse en contacto con nosotros.\t\t\t<\/p>\n\t\t\t<\/div>\n<\/div>\t\t<\/div>\n\t<\/div>\n<\/div><\/div><\/div><\/div><\/div><\/div><\/div><\/div><div class=\"mkdf-row-grid-section-wrapper\"  ><div class=\"mkdf-row-grid-section\"><div class=\"vc_row wpb_row vc_row-fluid\"  ><div class=\"wpb_column vc_column_container vc_col-sm-12\"><div class=\"vc_column-inner\"><div class=\"wpb_wrapper\">\n\t<div class=\"wpb_text_column wpb_content_element\" >\n\t\t<div class=\"wpb_wrapper\">\n\t\t\t<h4>P\u00f3ngase en contacto con nosotros<\/h4>\n\n\t\t<\/div>\n\t<\/div>\n<div class=\"vc_empty_space\"   style=\"height: 29px\"><span class=\"vc_empty_space_inner\"><\/span><\/div>\n<div class=\"wpcf7 no-js\" id=\"wpcf7-f9416-o1\" lang=\"en-US\" dir=\"ltr\" data-wpcf7-id=\"9416\">\n<div class=\"screen-reader-response\"><p role=\"status\" aria-live=\"polite\" aria-atomic=\"true\"><\/p> <ul><\/ul><\/div>\n<form action=\"\/sp\/wp-json\/wp\/v2\/pages\/1183#wpcf7-f9416-o1\" method=\"post\" class=\"wpcf7-form init cf7_custom_style_3\" aria-label=\"Formulario de contacto\" novalidate=\"novalidate\" data-status=\"init\" data-trp-original-action=\"\/sp\/wp-json\/wp\/v2\/pages\/1183#wpcf7-f9416-o1\">\n<fieldset class=\"hidden-fields-container\"><input type=\"hidden\" name=\"_wpcf7\" value=\"9416\" \/><input type=\"hidden\" name=\"_wpcf7_version\" value=\"6.1.5\" \/><input type=\"hidden\" name=\"_wpcf7_locale\" value=\"en_US\" \/><input type=\"hidden\" name=\"_wpcf7_unit_tag\" value=\"wpcf7-f9416-o1\" \/><input type=\"hidden\" name=\"_wpcf7_container_post\" value=\"0\" \/><input type=\"hidden\" name=\"_wpcf7_posted_data_hash\" value=\"\" \/>\n<\/fieldset>\n<p><label> Su nombre<br \/>\n<span class=\"wpcf7-form-control-wrap\" data-name=\"your-name\"><input size=\"40\" maxlength=\"400\" class=\"wpcf7-form-control wpcf7-text wpcf7-validates-as-required\" aria-required=\"true\" aria-invalid=\"false\" value=\"\" type=\"text\" name=\"your-name\" \/><\/span> <\/label>\n<\/p>\n<p><label> Su direcci\u00f3n de correo electr\u00f3nico<br \/>\n<span class=\"wpcf7-form-control-wrap\" data-name=\"your-email\"><input size=\"40\" maxlength=\"400\" class=\"wpcf7-form-control wpcf7-email wpcf7-validates-as-required wpcf7-text wpcf7-validates-as-email\" aria-required=\"true\" aria-invalid=\"false\" value=\"\" type=\"email\" name=\"your-email\" \/><\/span> <\/label>\n<\/p>\n<p><label> Su mensaje<br \/>\n<span class=\"wpcf7-form-control-wrap\" data-name=\"your-message\"><textarea cols=\"40\" rows=\"10\" maxlength=\"2000\" class=\"wpcf7-form-control wpcf7-textarea\" aria-invalid=\"false\" name=\"your-message\"><\/textarea><\/span> <\/label>\n<\/p>\n<p><label> Por favor, introduzca el siguiente c\u00f3digo anti-spam: <input type=\"hidden\" name=\"_wpcf7_captcha_challenge_captcha-1\" value=\"1315572621\" \/><img decoding=\"async\" class=\"wpcf7-form-control wpcf7-captchac wpcf7-captcha-captcha-1\" width=\"72\" height=\"24\" alt=\"captcha\" src=\"https:\/\/www.carimmat.com\/wp-content\/uploads\/wpcf7_captcha\/1315572621.png\" \/> <span class=\"wpcf7-form-control-wrap\" data-name=\"captcha-1\"><input size=\"40\" class=\"wpcf7-form-control wpcf7-captchar\" autocomplete=\"off\" aria-invalid=\"false\" value=\"\" type=\"text\" name=\"captcha-1\" \/><\/span> <\/label>\n<\/p>\n<p><input class=\"wpcf7-form-control wpcf7-submit has-spinner\" type=\"submit\" value=\"Enviar\" \/>\n<\/p>\n\n<div class=\"wpcf7-response-output\" aria-hidden=\"true\"><\/div>\n<input type=\"hidden\" name=\"trp-form-language\" value=\"sp\"\/><\/form>\n<\/div>\n<div class=\"vc_empty_space\"   style=\"height: 29px\"><span class=\"vc_empty_space_inner\"><\/span><\/div><\/div><\/div><\/div><\/div><\/div><\/div>","protected":false},"excerpt":{"rendered":"Estamos aqu\u00ed para escucharle \u00bfUna pregunta? \u00bfUna petici\u00f3n particular? No dude en ponerse en contacto con nosotros. P\u00f3ngase en contacto con nosotros Su nombre Su direcci\u00f3n de correo electr\u00f3nico Su mensaje Introduzca el siguiente c\u00f3digo anti-spam","protected":false},"author":1,"featured_media":0,"parent":0,"menu_order":0,"comment_status":"closed","ping_status":"closed","template":"full-width.php","meta":{"footnotes":""},"class_list":["post-1183","page","type-page","status-publish","hentry"],"yoast_head":"<!-- This site is optimized with the Yoast SEO Premium plugin v18.1 (Yoast SEO v27.1.1) - https:\/\/yoast.com\/product\/yoast-seo-premium-wordpress\/ -->\n<title>Contactez-nous - Carimmat - Faites des rencontres, retrouvez votre crush et vos flirts gr\u00e2ce \u00e0 notre application de rencontre.<\/title>\n<meta name=\"description\" content=\"Carimmat est la premi\u00e8re application de rencontre par plaque d&#039;immatriculation - Faites des rencontres gr\u00e2ce \u00e0 votre v\u00e9hicule...\" \/>\n<meta name=\"robots\" content=\"index, follow, max-snippet:-1, max-image-preview:large, max-video-preview:-1\" \/>\n<link rel=\"canonical\" href=\"https:\/\/www.carimmat.com\/sp\/contactez-nous\/\" \/>\n<meta property=\"og:locale\" content=\"es_ES\" \/>\n<meta property=\"og:type\" content=\"article\" \/>\n<meta property=\"og:title\" content=\"Contactez-nous - Faites des rencontres avec votre v\u00e9hicule\" \/>\n<meta property=\"og:description\" content=\"Carimmat est la premi\u00e8re application de rencontre par plaque d&#039;immatriculation - Faites des rencontres gr\u00e2ce \u00e0 votre v\u00e9hicule...\" \/>\n<meta property=\"og:url\" content=\"https:\/\/www.carimmat.com\/sp\/contactez-nous\/\" \/>\n<meta property=\"og:site_name\" content=\"Carimmat\" \/>\n<meta property=\"article:publisher\" content=\"https:\/\/www.facebook.com\/carimmat\" \/>\n<meta property=\"article:modified_time\" content=\"2022-03-18T15:31:00+00:00\" \/>\n<meta property=\"og:image\" content=\"https:\/\/www.carimmat.com\/wp-content\/uploads\/2022\/03\/logo_mascott_bleu.png\" \/>\n\t<meta property=\"og:image:width\" content=\"766\" \/>\n\t<meta property=\"og:image:height\" content=\"653\" \/>\n\t<meta property=\"og:image:type\" content=\"image\/png\" \/>\n<meta name=\"twitter:card\" content=\"summary_large_image\" \/>\n<meta name=\"twitter:site\" content=\"@Carimmat\" \/>\n<meta name=\"twitter:label1\" content=\"Tiempo de lectura\" \/>\n\t<meta name=\"twitter:data1\" content=\"1 minuto\" \/>\n<script type=\"application\/ld+json\" class=\"yoast-schema-graph\">{\"@context\":\"https:\/\/schema.org\",\"@graph\":[{\"@type\":\"WebPage\",\"@id\":\"https:\/\/www.carimmat.com\/contactez-nous\/\",\"url\":\"https:\/\/www.carimmat.com\/contactez-nous\/\",\"name\":\"Contactez-nous - Carimmat - Faites des rencontres, retrouvez votre crush et vos flirts gr\u00e2ce \u00e0 notre application de rencontre.\",\"isPartOf\":{\"@id\":\"https:\/\/www.carimmat.com\/#website\"},\"datePublished\":\"2018-06-06T11:13:58+00:00\",\"dateModified\":\"2022-03-18T15:31:00+00:00\",\"description\":\"Carimmat est la premi\u00e8re application de rencontre par plaque d'immatriculation - Faites des rencontres gr\u00e2ce \u00e0 votre v\u00e9hicule...\",\"breadcrumb\":{\"@id\":\"https:\/\/www.carimmat.com\/contactez-nous\/#breadcrumb\"},\"inLanguage\":\"es\",\"potentialAction\":[{\"@type\":\"ReadAction\",\"target\":[\"https:\/\/www.carimmat.com\/contactez-nous\/\"]}]},{\"@type\":\"BreadcrumbList\",\"@id\":\"https:\/\/www.carimmat.com\/contactez-nous\/#breadcrumb\",\"itemListElement\":[{\"@type\":\"ListItem\",\"position\":1,\"name\":\"Accueil\",\"item\":\"https:\/\/www.carimmat.com\/\"},{\"@type\":\"ListItem\",\"position\":2,\"name\":\"Contactez-nous\"}]},{\"@type\":\"WebSite\",\"@id\":\"https:\/\/www.carimmat.com\/#website\",\"url\":\"https:\/\/www.carimmat.com\/\",\"name\":\"Carimmat\",\"description\":\"Application de rencontre par plaque d&#039;immatriculation. Retrouvez votre crush - Amour - T\u00e9l\u00e9chargez le Tinder des embouteillages !\",\"publisher\":{\"@id\":\"https:\/\/www.carimmat.com\/#organization\"},\"potentialAction\":[{\"@type\":\"SearchAction\",\"target\":{\"@type\":\"EntryPoint\",\"urlTemplate\":\"https:\/\/www.carimmat.com\/?s={search_term_string}\"},\"query-input\":{\"@type\":\"PropertyValueSpecification\",\"valueRequired\":true,\"valueName\":\"search_term_string\"}}],\"inLanguage\":\"es\"},{\"@type\":\"Organization\",\"@id\":\"https:\/\/www.carimmat.com\/#organization\",\"name\":\"Carimmat\",\"url\":\"https:\/\/www.carimmat.com\/\",\"logo\":{\"@type\":\"ImageObject\",\"inLanguage\":\"es\",\"@id\":\"https:\/\/www.carimmat.com\/#\/schema\/logo\/image\/\",\"url\":\"https:\/\/www.carimmat.com\/wp-content\/uploads\/2022\/03\/logo_mascott_bleu.png\",\"contentUrl\":\"https:\/\/www.carimmat.com\/wp-content\/uploads\/2022\/03\/logo_mascott_bleu.png\",\"width\":766,\"height\":653,\"caption\":\"Carimmat\"},\"image\":{\"@id\":\"https:\/\/www.carimmat.com\/#\/schema\/logo\/image\/\"},\"sameAs\":[\"https:\/\/www.facebook.com\/carimmat\",\"https:\/\/x.com\/Carimmat\",\"https:\/\/www.instagram.com\/carimmat\",\"https:\/\/www.linkedin.com\/company\/carimmat\",\"https:\/\/www.youtube.com\/channel\/UCMUIYzl1YlBHljYE0nSmIcA\"]}]}<\/script>\n<!-- \/ Yoast SEO Premium plugin. -->","yoast_head_json":{"title":"Cont\u00e1ctenos - Carimmat - Conoce gente nueva, encuentra a tu enamorado y coquetea con nuestra aplicaci\u00f3n de citas.","description":"Carimmat es la primera aplicaci\u00f3n de citas con matr\u00edculas - Conoce gente a trav\u00e9s de tu coche...","robots":{"index":"index","follow":"follow","max-snippet":"max-snippet:-1","max-image-preview":"max-image-preview:large","max-video-preview":"max-video-preview:-1"},"canonical":"https:\/\/www.carimmat.com\/sp\/contactez-nous\/","og_locale":"es_ES","og_type":"article","og_title":"Contactez-nous - Faites des rencontres avec votre v\u00e9hicule","og_description":"Carimmat est la premi\u00e8re application de rencontre par plaque d'immatriculation - Faites des rencontres gr\u00e2ce \u00e0 votre v\u00e9hicule...","og_url":"https:\/\/www.carimmat.com\/sp\/contactez-nous\/","og_site_name":"Carimmat","article_publisher":"https:\/\/www.facebook.com\/carimmat","article_modified_time":"2022-03-18T15:31:00+00:00","og_image":[{"width":766,"height":653,"url":"https:\/\/www.carimmat.com\/wp-content\/uploads\/2022\/03\/logo_mascott_bleu.png","type":"image\/png"}],"twitter_card":"summary_large_image","twitter_site":"@Carimmat","twitter_misc":{"Tiempo de lectura":"1 minuto"},"schema":{"@context":"https:\/\/schema.org","@graph":[{"@type":"WebPage","@id":"https:\/\/www.carimmat.com\/contactez-nous\/","url":"https:\/\/www.carimmat.com\/contactez-nous\/","name":"Cont\u00e1ctenos - Carimmat - Conoce gente nueva, encuentra a tu enamorado y coquetea con nuestra aplicaci\u00f3n de citas.","isPartOf":{"@id":"https:\/\/www.carimmat.com\/#website"},"datePublished":"2018-06-06T11:13:58+00:00","dateModified":"2022-03-18T15:31:00+00:00","description":"Carimmat es la primera aplicaci\u00f3n de citas con matr\u00edculas - Conoce gente a trav\u00e9s de tu coche...","breadcrumb":{"@id":"https:\/\/www.carimmat.com\/contactez-nous\/#breadcrumb"},"inLanguage":"es","potentialAction":[{"@type":"ReadAction","target":["https:\/\/www.carimmat.com\/contactez-nous\/"]}]},{"@type":"BreadcrumbList","@id":"https:\/\/www.carimmat.com\/contactez-nous\/#breadcrumb","itemListElement":[{"@type":"ListItem","position":1,"name":"Accueil","item":"https:\/\/www.carimmat.com\/"},{"@type":"ListItem","position":2,"name":"Contactez-nous"}]},{"@type":"WebSite","@id":"https:\/\/www.carimmat.com\/#website","url":"https:\/\/www.carimmat.com\/","name":"Carimmat","description":"Aplicaci\u00f3n de citas por matr\u00edcula. Encuentra tu enamoramiento - Amor - \u00a1Descarga el Tinder de los atascos!","publisher":{"@id":"https:\/\/www.carimmat.com\/#organization"},"potentialAction":[{"@type":"SearchAction","target":{"@type":"EntryPoint","urlTemplate":"https:\/\/www.carimmat.com\/?s={search_term_string}"},"query-input":{"@type":"PropertyValueSpecification","valueRequired":true,"valueName":"search_term_string"}}],"inLanguage":"es"},{"@type":"Organization","@id":"https:\/\/www.carimmat.com\/#organization","name":"Carimmat","url":"https:\/\/www.carimmat.com\/","logo":{"@type":"ImageObject","inLanguage":"es","@id":"https:\/\/www.carimmat.com\/#\/schema\/logo\/image\/","url":"https:\/\/www.carimmat.com\/wp-content\/uploads\/2022\/03\/logo_mascott_bleu.png","contentUrl":"https:\/\/www.carimmat.com\/wp-content\/uploads\/2022\/03\/logo_mascott_bleu.png","width":766,"height":653,"caption":"Carimmat"},"image":{"@id":"https:\/\/www.carimmat.com\/#\/schema\/logo\/image\/"},"sameAs":["https:\/\/www.facebook.com\/carimmat","https:\/\/x.com\/Carimmat","https:\/\/www.instagram.com\/carimmat","https:\/\/www.linkedin.com\/company\/carimmat","https:\/\/www.youtube.com\/channel\/UCMUIYzl1YlBHljYE0nSmIcA"]}]}},"_links":{"self":[{"href":"https:\/\/www.carimmat.com\/sp\/wp-json\/wp\/v2\/pages\/1183","targetHints":{"allow":["GET"]}}],"collection":[{"href":"https:\/\/www.carimmat.com\/sp\/wp-json\/wp\/v2\/pages"}],"about":[{"href":"https:\/\/www.carimmat.com\/sp\/wp-json\/wp\/v2\/types\/page"}],"author":[{"embeddable":true,"href":"https:\/\/www.carimmat.com\/sp\/wp-json\/wp\/v2\/users\/1"}],"replies":[{"embeddable":true,"href":"https:\/\/www.carimmat.com\/sp\/wp-json\/wp\/v2\/comments?post=1183"}],"version-history":[{"count":5,"href":"https:\/\/www.carimmat.com\/sp\/wp-json\/wp\/v2\/pages\/1183\/revisions"}],"predecessor-version":[{"id":9882,"href":"https:\/\/www.carimmat.com\/sp\/wp-json\/wp\/v2\/pages\/1183\/revisions\/9882"}],"wp:attachment":[{"href":"https:\/\/www.carimmat.com\/sp\/wp-json\/wp\/v2\/media?parent=1183"}],"curies":[{"name":"wp","href":"https:\/\/api.w.org\/{rel}","templated":true}]}}